{"id":6,"date":"2022-06-20T15:26:38","date_gmt":"2022-06-20T15:26:38","guid":{"rendered":"https:\/\/www.esev.ipv.pt\/seta\/?page_id=6"},"modified":"2025-06-09T14:14:56","modified_gmt":"2025-06-09T14:14:56","slug":"seta","status":"publish","type":"page","link":"https:\/\/www1.esev.ipv.pt\/seta\/","title":{"rendered":"SETA 2025"},"content":{"rendered":"\n<p style=\"font-size:16px\"><\/p>\n\n\n\n<figure class=\"wp-block-image size-large is-resized\"><img loading=\"lazy\" src=\"https:\/\/www1.esev.ipv.pt\/seta\/wp-content\/uploads\/2025\/06\/1-705x1024.png\" alt=\"\" class=\"wp-image-595\" width=\"840\" height=\"1220\" srcset=\"https:\/\/www1.esev.ipv.pt\/seta\/wp-content\/uploads\/2025\/06\/1-705x1024.png 705w, https:\/\/www1.esev.ipv.pt\/seta\/wp-content\/uploads\/2025\/06\/1-207x300.png 207w, https:\/\/www1.esev.ipv.pt\/seta\/wp-content\/uploads\/2025\/06\/1-768x1116.png 768w, https:\/\/www1.esev.ipv.pt\/seta\/wp-content\/uploads\/2025\/06\/1-1057x1536.png 1057w, https:\/\/www1.esev.ipv.pt\/seta\/wp-content\/uploads\/2025\/06\/1.png 1405w\" sizes=\"(max-width: 840px) 100vw, 840px\" \/><\/figure>\n\n\n<div class=\"x_elementToProof\" data-olk-copy-source=\"MessageBody\" style=\"text-align: center;\">Num tempo em que a escola enfrenta o desafio de se reinventar para responder \u00e0s necessidades de uma sociedade em constante transforma\u00e7\u00e3o, torna-se fundamental repensar as pr\u00e1ticas pedag\u00f3gicas e os ambientes de aprendizagem. A integra\u00e7\u00e3o significativa das tecnologias educativas, aliada a abordagens ativas e centradas no aluno, continua, hoje, a ser um dos caminhos promissores para uma educa\u00e7\u00e3o mais eficaz, inclusiva e motivadora.<\/div>\n<div class=\"x_elementToProof\" style=\"text-align: center;\">\u00c9 neste contexto que se realiza o Semin\u00e1rio sobre Educa\u00e7\u00e3o, Tecnologias e Aprendizagem (SETA) dedicado \u00e0 tem\u00e1tica<span>\u00a0<\/span><b>\u201cEduca\u00e7\u00e3o Maker: Aprender fazendo, em colabora\u00e7\u00e3o e com sentido\u201d<\/b>. A cultura maker, alicer\u00e7ada na ideia de que todos podem criar, experimentar e resolver problemas reais com as suas pr\u00f3prias m\u00e3os e ideias, representa uma oportunidade \u00fanica para promover aprendizagens<span>\u00a0<\/span><b>ativas, colaborativas e contextualizadas<\/b>. Ao introduzir a l\u00f3gica do \u201cfazer para aprender\u201d nos espa\u00e7os escolares, potencia-se o desenvolvimento de compet\u00eancias essenciais como o pensamento cr\u00edtico, a criatividade, a coopera\u00e7\u00e3o e a resolu\u00e7\u00e3o de problemas.<\/div>\n<div class=\"x_elementToProof\" style=\"text-align: center;\">Este semin\u00e1rio dirige-se a educadores e professores de todos os n\u00edveis de ensino que procuram repensar a sua pr\u00e1tica e conhecer experi\u00eancias inspiradoras no uso de<span>\u00a0<\/span><b>espa\u00e7os maker, metodologias hands-on e tecnologias emergentes<\/b>\u00a0como ferramentas pedag\u00f3gicas. Pretende-se que seja um momento de reflex\u00e3o, partilha e constru\u00e7\u00e3o conjunta de novas formas de ensinar e aprender, mais pr\u00f3ximas dos interesses dos alunos e dos desafios do mundo contempor\u00e2neo.<\/div>\n<div class=\"x_elementToProof\" style=\"text-align: center;\">Para cumprir este prop\u00f3sito, o<span>\u00a0<\/span><b>SETA 2025<\/b>\u00a0contar\u00e1 com uma<span>\u00a0<\/span><b>confer\u00eancia plen\u00e1ria<span>\u00a0<\/span><\/b>orientada por um especialista convidado que abordar\u00e1 o tema central do evento. Haver\u00e1 ainda espa\u00e7o para a<span>\u00a0<\/span><b>partilha de pr\u00e1ticas pedag\u00f3gicas<\/b>\u00a0alinhadas com o que \u00e9 preconizado nos princ\u00edpios da<span>\u00a0<\/span><b>educa\u00e7\u00e3o maker,<span>\u00a0<\/span><\/b>por parte de<span>\u00a0<\/span><b>escolas que j\u00e1 realizam nos seus contextos<\/b>, dando visibilidade a experi\u00eancias concretas e inspiradoras. Os participantes ter\u00e3o igualmente a<span>\u00a0<\/span><b>oportunidade de frequentar workshops pr\u00e1ticos<\/b>, que lhes permitir\u00e3o explorar ferramentas, metodologias e recursos aplic\u00e1veis no seu quotidiano letivo.<\/div>\n<div><\/div>\n\n\n<hr class=\"wp-block-separator has-alpha-channel-opacity\"\/>\n","protected":false},"excerpt":{"rendered":"<p>Num tempo em que a escola enfrenta o desafio de se reinventar para responder \u00e0s necessidades de uma sociedade em constante transforma\u00e7\u00e3o, torna-se fundamental repensar as pr\u00e1ticas pedag\u00f3gicas e os ambientes de aprendizagem. A integra\u00e7\u00e3o significativa das tecnologias educativas, aliada a abordagens ativas e centradas no aluno, continua, hoje, a [&hellip;]<\/p>\n","protected":false},"author":1,"featured_media":0,"parent":0,"menu_order":0,"comment_status":"closed","ping_status":"closed","template":"","meta":[],"_links":{"self":[{"href":"https:\/\/www1.esev.ipv.pt\/seta\/index.php?rest_route=\/wp\/v2\/pages\/6"}],"collection":[{"href":"https:\/\/www1.esev.ipv.pt\/seta\/index.php?rest_route=\/wp\/v2\/pages"}],"about":[{"href":"https:\/\/www1.esev.ipv.pt\/seta\/index.php?rest_route=\/wp\/v2\/types\/page"}],"author":[{"embeddable":true,"href":"https:\/\/www1.esev.ipv.pt\/seta\/index.php?rest_route=\/wp\/v2\/users\/1"}],"replies":[{"embeddable":true,"href":"https:\/\/www1.esev.ipv.pt\/seta\/index.php?rest_route=%2Fwp%2Fv2%2Fcomments&post=6"}],"version-history":[{"count":47,"href":"https:\/\/www1.esev.ipv.pt\/seta\/index.php?rest_route=\/wp\/v2\/pages\/6\/revisions"}],"predecessor-version":[{"id":597,"href":"https:\/\/www1.esev.ipv.pt\/seta\/index.php?rest_route=\/wp\/v2\/pages\/6\/revisions\/597"}],"wp:attachment":[{"href":"https:\/\/www1.esev.ipv.pt\/seta\/index.php?rest_route=%2Fwp%2Fv2%2Fmedia&parent=6"}],"curies":[{"name":"wp","href":"https:\/\/api.w.org\/{rel}","templated":true}]}}