{"id":577,"date":"2025-06-03T10:50:16","date_gmt":"2025-06-03T10:50:16","guid":{"rendered":"https:\/\/www1.esev.ipv.pt\/seta\/?page_id=577"},"modified":"2025-06-03T10:54:05","modified_gmt":"2025-06-03T10:54:05","slug":"inicio-24","status":"publish","type":"page","link":"https:\/\/www1.esev.ipv.pt\/seta\/?page_id=577","title":{"rendered":"In\u00edcio 24"},"content":{"rendered":"\n<h1>SETA 2024<\/h1>\n\n\n\n<figure class=\"wp-container-2 wp-block-gallery-1 wp-block-gallery has-nested-images columns-default is-cropped\">\n<figure class=\"wp-block-image size-large\"><img loading=\"lazy\" width=\"1198\" height=\"1064\" data-id=\"439\"  src=\"https:\/\/www1.esev.ipv.pt\/seta\/wp-content\/uploads\/2024\/06\/SETA-2024-publicitar.jpg\" alt=\"\" class=\"wp-image-439\" srcset=\"https:\/\/www1.esev.ipv.pt\/seta\/wp-content\/uploads\/2024\/06\/SETA-2024-publicitar.jpg 1198w, https:\/\/www1.esev.ipv.pt\/seta\/wp-content\/uploads\/2024\/06\/SETA-2024-publicitar-300x266.jpg 300w, https:\/\/www1.esev.ipv.pt\/seta\/wp-content\/uploads\/2024\/06\/SETA-2024-publicitar-1024x909.jpg 1024w, https:\/\/www1.esev.ipv.pt\/seta\/wp-content\/uploads\/2024\/06\/SETA-2024-publicitar-768x682.jpg 768w\" sizes=\"(max-width: 1198px) 100vw, 1198px\" \/><\/figure>\n<\/figure>\n\n\n<p>\u00a0 \u00a0 \u00a0 \u00a0 \u00a0O Semin\u00e1rio sobre Educa\u00e7\u00e3o, Tecnologias e Aprendizagem (SETA) deste ano tem como mote \u201cTecnologias digitais e ambientes de aprendizagem\u201d. Os avan\u00e7os tecnol\u00f3gicos obrigam a um curr\u00edculo flex\u00edvel e adaptado \u00e0s novas realidades que s\u00e3o colocadas \u00e0 Sociedade e \u00e0 Educa\u00e7\u00e3o. Consequentemente colocam-se assim desafios aos professores atuais e futuros, bem como \u00e0 forma\u00e7\u00e3o inicial e cont\u00ednua de docentes.<\/p>\n<p>\u00a0 \u00a0 \u00a0 \u00a0 \u00a0As novas tecnologias de informa\u00e7\u00e3o e comunica\u00e7\u00e3o t\u00eam vindo a chegar \u00e0s escolas do pa\u00eds e assiste-se a mudan\u00e7as de perspetivas e a um reequacionar de metodologias, colocando a discuss\u00e3o na forma de integrar essas ferramentas no quotidiano da comunidade educativa. Tem sido uma reflex\u00e3o que se faz j\u00e1 h\u00e1 bastantes anos, mas neste tempos que correm ganhou uma nova centralidade e procura-se discutir processos eficientes e sustent\u00e1veis para que as tecnologias e ecossistemas digitais fa\u00e7am naturalmente parte dos ambientes de aprendizagem.<\/p>\n<p><span>\u00a0 \u00a0 \u00a0 \u00a0 Partindo da premissa que os ambientes de aprendizagem podem ser enriquecidos pela tecnologias digitais, estas s\u00e3o julgadas importantes na educa\u00e7\u00e3o devido a sua capacidade de proporcionar oportunidades de aprendizagem inovadoras e acess\u00edveis permitindo aos educadores criarem ambientes de ensino mais din\u00e2micos, interativos e personalizados. Assim ao incorporar a tecnologia na educa\u00e7\u00e3o, ampliar-se-\u00e1 o potencial de transformar o processo de ensino-aprendizagem, tornando-o mais envolvente, acess\u00edvel e adaptado \u00e0s necessidades individuais dos alunos.<\/span><\/p>\n<p>\u00a0 \u00a0 \u00a0 \u00a0 Para atingir o seu prop\u00f3sito o SETA contar\u00e1 com um leque de oradores que vir\u00e3o abordar tem\u00e1ticas inseridas no mote deste encontro e tamb\u00e9m proporcionar\u00e1 workshops.<\/p>","protected":false},"excerpt":{"rendered":"<p>SETA 2024 \u00a0 \u00a0 \u00a0 \u00a0 \u00a0O Semin\u00e1rio sobre Educa\u00e7\u00e3o, Tecnologias e Aprendizagem (SETA) deste ano tem como mote \u201cTecnologias digitais e ambientes de aprendizagem\u201d. Os avan\u00e7os tecnol\u00f3gicos obrigam a um curr\u00edculo flex\u00edvel e adaptado \u00e0s novas realidades que s\u00e3o colocadas \u00e0 Sociedade e \u00e0 Educa\u00e7\u00e3o. Consequentemente colocam-se assim desafios [&hellip;]<\/p>\n","protected":false},"author":1,"featured_media":0,"parent":0,"menu_order":0,"comment_status":"closed","ping_status":"closed","template":"","meta":[],"_links":{"self":[{"href":"https:\/\/www1.esev.ipv.pt\/seta\/index.php?rest_route=\/wp\/v2\/pages\/577"}],"collection":[{"href":"https:\/\/www1.esev.ipv.pt\/seta\/index.php?rest_route=\/wp\/v2\/pages"}],"about":[{"href":"https:\/\/www1.esev.ipv.pt\/seta\/index.php?rest_route=\/wp\/v2\/types\/page"}],"author":[{"embeddable":true,"href":"https:\/\/www1.esev.ipv.pt\/seta\/index.php?rest_route=\/wp\/v2\/users\/1"}],"replies":[{"embeddable":true,"href":"https:\/\/www1.esev.ipv.pt\/seta\/index.php?rest_route=%2Fwp%2Fv2%2Fcomments&post=577"}],"version-history":[{"count":2,"href":"https:\/\/www1.esev.ipv.pt\/seta\/index.php?rest_route=\/wp\/v2\/pages\/577\/revisions"}],"predecessor-version":[{"id":582,"href":"https:\/\/www1.esev.ipv.pt\/seta\/index.php?rest_route=\/wp\/v2\/pages\/577\/revisions\/582"}],"wp:attachment":[{"href":"https:\/\/www1.esev.ipv.pt\/seta\/index.php?rest_route=%2Fwp%2Fv2%2Fmedia&parent=577"}],"curies":[{"name":"wp","href":"https:\/\/api.w.org\/{rel}","templated":true}]}}