{"id":571,"date":"2025-06-03T10:44:46","date_gmt":"2025-06-03T10:44:46","guid":{"rendered":"https:\/\/www1.esev.ipv.pt\/seta\/?page_id=571"},"modified":"2025-07-04T08:00:18","modified_gmt":"2025-07-04T08:00:18","slug":"inscricoes-3","status":"publish","type":"page","link":"https:\/\/www1.esev.ipv.pt\/seta\/?page_id=571","title":{"rendered":"Inscri\u00e7\u00f5es"},"content":{"rendered":"\n<div class=\"wp-container-1 wp-block-buttons\">\n<div class=\"wp-block-button\"><a class=\"wp-block-button__link\" href=\"https:\/\/forms.office.com\/e\/xAYCuEpxtg\">INSCRI\u00c7\u00d5ES ENCERRADAS<\/a><\/div>\n<\/div>\n\n\n\n<p><\/p>\n\n\n\n<p class=\"has-text-align-right\"><strong>Para qualquer quest\u00e3o do SETA contactar por email seta@esev.ipv.pt<\/strong><\/p>\n\n\n\n<p><\/p>\n\n\n\n<p>Para professores\/as e educadores\/as, o semin\u00e1rio \u00e9 oferecido como o agregado de 2 a\u00e7\u00f5es de forma\u00e7\u00e3o de curta dura\u00e7\u00e3o (3,5 horas de manh\u00e3 e 3,5 horas de tarde):<\/p>\n\n\n\n<p>* Manh\u00e3 em regime presencial \u2013 3,5 horas (Os participantes poder\u00e3o optar por frequentar apenas as 3,5 horas em regime presencial, na ESEV, durante a manh\u00e3)<\/p>\n\n\n\n<p>* Manh\u00e3 em regime online \u2013 3,5 horas (Os participantes poder\u00e3o optar por frequentar apenas as 3,5 horas em regime online, durante a manh\u00e3)<\/p>\n\n\n\n<p>* Tarde em regime presencial \u2013 3,5 horas (Os participantes poder\u00e3o optar por frequentar apenas as 3,5 horas em regime presencial, na ESEV, durante a tarde)<\/p>\n\n\n\n<p>* Dia em regime presencial \u2013 3,5 + 3,5 horas (Os participantes poder\u00e3o optar por frequentar o dia todo presencialmente na ESEV)<\/p>\n\n\n\n<p>* Dia em regime misto \u2013 3,5 + 3,5 horas (Os participantes poder\u00e3o optar por frequentar 3,5 horas em regime online durante a manh\u00e3 e 3,5 horas em regime presencial, na ESEV, de tarde)<\/p>\n","protected":false},"excerpt":{"rendered":"<p>Para qualquer quest\u00e3o do SETA contactar por email seta@esev.ipv.pt Para professores\/as e educadores\/as, o semin\u00e1rio \u00e9 oferecido como o agregado de 2 a\u00e7\u00f5es de forma\u00e7\u00e3o de curta dura\u00e7\u00e3o (3,5 horas de manh\u00e3 e 3,5 horas de tarde): * Manh\u00e3 em regime presencial \u2013 3,5 horas (Os participantes poder\u00e3o optar por [&hellip;]<\/p>\n","protected":false},"author":1,"featured_media":0,"parent":0,"menu_order":0,"comment_status":"closed","ping_status":"closed","template":"","meta":[],"_links":{"self":[{"href":"https:\/\/www1.esev.ipv.pt\/seta\/index.php?rest_route=\/wp\/v2\/pages\/571"}],"collection":[{"href":"https:\/\/www1.esev.ipv.pt\/seta\/index.php?rest_route=\/wp\/v2\/pages"}],"about":[{"href":"https:\/\/www1.esev.ipv.pt\/seta\/index.php?rest_route=\/wp\/v2\/types\/page"}],"author":[{"embeddable":true,"href":"https:\/\/www1.esev.ipv.pt\/seta\/index.php?rest_route=\/wp\/v2\/users\/1"}],"replies":[{"embeddable":true,"href":"https:\/\/www1.esev.ipv.pt\/seta\/index.php?rest_route=%2Fwp%2Fv2%2Fcomments&post=571"}],"version-history":[{"count":6,"href":"https:\/\/www1.esev.ipv.pt\/seta\/index.php?rest_route=\/wp\/v2\/pages\/571\/revisions"}],"predecessor-version":[{"id":669,"href":"https:\/\/www1.esev.ipv.pt\/seta\/index.php?rest_route=\/wp\/v2\/pages\/571\/revisions\/669"}],"wp:attachment":[{"href":"https:\/\/www1.esev.ipv.pt\/seta\/index.php?rest_route=%2Fwp%2Fv2%2Fmedia&parent=571"}],"curies":[{"name":"wp","href":"https:\/\/api.w.org\/{rel}","templated":true}]}}